{"id":3543,"date":"2022-05-11T12:08:39","date_gmt":"2022-05-11T12:08:39","guid":{"rendered":"https:\/\/escholaweb.xlabgroup.com\/bibliotheques\/"},"modified":"2022-09-05T13:39:27","modified_gmt":"2022-09-05T13:39:27","slug":"bibliotheques","status":"publish","type":"page","link":"https:\/\/escholaweb.xlabgroup.com\/fr\/bibliotheques\/","title":{"rendered":"Biblioth\u00e8ques"},"content":{"rendered":"\t\t<div data-elementor-type=\"wp-page\" data-elementor-id=\"3543\" class=\"elementor elementor-3543 elementor-1605\">\n\t\t\t\t\t\t\t\t\t<section class=\"elementor-section elementor-top-section elementor-element elementor-element-da23439 elementor-section-full_width library-page elementor-section-height-default elementor-section-height-default\" data-id=\"da23439\" data-element_type=\"section\" data-settings=\"{&quot;background_background&quot;:&quot;classic&quot;}\">\n\t\t\t\t\t\t<div class=\"elementor-container elementor-column-gap-default\">\n\t\t\t\t\t<div class=\"elementor-column elementor-col-100 elementor-top-column elementor-element elementor-element-fbe9dde\" data-id=\"fbe9dde\" data-element_type=\"column\">\n\t\t\t<div class=\"elementor-widget-wrap elementor-element-populated\">\n\t\t\t\t\t\t\t\t<div class=\"elementor-element elementor-element-7df2d37 margin-zero elementor-widget elementor-widget-heading\" data-id=\"7df2d37\" data-element_type=\"widget\" data-widget_type=\"heading.default\">\n\t\t\t\t<div class=\"elementor-widget-container\">\n\t\t\t<style>\/*! elementor - v3.10.2 - 29-01-2023 *\/\n.elementor-heading-title{padding:0;margin:0;line-height:1}.elementor-widget-heading .elementor-heading-title[class*=elementor-size-]>a{color:inherit;font-size:inherit;line-height:inherit}.elementor-widget-heading .elementor-heading-title.elementor-size-small{font-size:15px}.elementor-widget-heading .elementor-heading-title.elementor-size-medium{font-size:19px}.elementor-widget-heading .elementor-heading-title.elementor-size-large{font-size:29px}.elementor-widget-heading .elementor-heading-title.elementor-size-xl{font-size:39px}.elementor-widget-heading .elementor-heading-title.elementor-size-xxl{font-size:59px}<\/style><h4 class=\"elementor-heading-title elementor-size-default\">savoir encore sur notre cursus<\/h4>\t\t<\/div>\n\t\t\t\t<\/div>\n\t\t\t\t<div class=\"elementor-element elementor-element-78eb4df margin-zero elementor-widget elementor-widget-heading\" data-id=\"78eb4df\" data-element_type=\"widget\" data-widget_type=\"heading.default\">\n\t\t\t\t<div class=\"elementor-widget-container\">\n\t\t\t<h3 class=\"elementor-heading-title elementor-size-default\">Biblioth\u00e8ques<\/h3>\t\t<\/div>\n\t\t\t\t<\/div>\n\t\t\t\t<div class=\"elementor-element elementor-element-5f87681 elementor-tabs-alignment-center library-tab elementor-tabs-view-horizontal elementor-widget elementor-widget-tabs\" data-id=\"5f87681\" data-element_type=\"widget\" data-widget_type=\"tabs.default\">\n\t\t\t\t<div class=\"elementor-widget-container\">\n\t\t\t<style>\/*! elementor - v3.10.2 - 29-01-2023 *\/\n.elementor-widget-tabs.elementor-tabs-view-vertical .elementor-tabs-wrapper{width:25%;flex-shrink:0}.elementor-widget-tabs.elementor-tabs-view-vertical .elementor-tab-desktop-title.elementor-active{border-right-style:none}.elementor-widget-tabs.elementor-tabs-view-vertical .elementor-tab-desktop-title.elementor-active:after,.elementor-widget-tabs.elementor-tabs-view-vertical .elementor-tab-desktop-title.elementor-active:before{height:999em;width:0;right:0;border-right-style:solid}.elementor-widget-tabs.elementor-tabs-view-vertical .elementor-tab-desktop-title.elementor-active:before{top:0;transform:translateY(-100%)}.elementor-widget-tabs.elementor-tabs-view-vertical .elementor-tab-desktop-title.elementor-active:after{top:100%}.elementor-widget-tabs.elementor-tabs-view-horizontal .elementor-tab-desktop-title{display:table-cell}.elementor-widget-tabs.elementor-tabs-view-horizontal .elementor-tab-desktop-title.elementor-active{border-bottom-style:none}.elementor-widget-tabs.elementor-tabs-view-horizontal .elementor-tab-desktop-title.elementor-active:after,.elementor-widget-tabs.elementor-tabs-view-horizontal .elementor-tab-desktop-title.elementor-active:before{bottom:0;height:0;width:999em;border-bottom-style:solid}.elementor-widget-tabs.elementor-tabs-view-horizontal .elementor-tab-desktop-title.elementor-active:before{right:100%}.elementor-widget-tabs.elementor-tabs-view-horizontal .elementor-tab-desktop-title.elementor-active:after{left:100%}.elementor-widget-tabs .elementor-tab-content,.elementor-widget-tabs .elementor-tab-title,.elementor-widget-tabs .elementor-tab-title:after,.elementor-widget-tabs .elementor-tab-title:before,.elementor-widget-tabs .elementor-tabs-content-wrapper{border:1px #d4d4d4}.elementor-widget-tabs .elementor-tabs{text-align:left}.elementor-widget-tabs .elementor-tabs-wrapper{overflow:hidden}.elementor-widget-tabs .elementor-tab-title{cursor:pointer;outline:var(--focus-outline,none)}.elementor-widget-tabs .elementor-tab-desktop-title{position:relative;padding:20px 25px;font-weight:700;line-height:1;border:solid transparent}.elementor-widget-tabs .elementor-tab-desktop-title.elementor-active{border-color:#d4d4d4}.elementor-widget-tabs .elementor-tab-desktop-title.elementor-active:after,.elementor-widget-tabs .elementor-tab-desktop-title.elementor-active:before{display:block;content:\"\";position:absolute}.elementor-widget-tabs .elementor-tab-desktop-title:focus-visible{border:1px solid #000}.elementor-widget-tabs .elementor-tab-mobile-title{padding:10px;cursor:pointer}.elementor-widget-tabs .elementor-tab-content{padding:20px;display:none}@media (max-width:767px){.elementor-tabs .elementor-tab-content,.elementor-tabs .elementor-tab-title{border-style:solid solid none}.elementor-tabs .elementor-tabs-wrapper{display:none}.elementor-tabs .elementor-tabs-content-wrapper{border-bottom-style:solid}.elementor-tabs .elementor-tab-content{padding:10px}}@media (min-width:768px){.elementor-widget-tabs.elementor-tabs-view-vertical .elementor-tabs{display:flex}.elementor-widget-tabs.elementor-tabs-view-vertical .elementor-tabs-wrapper{flex-direction:column}.elementor-widget-tabs.elementor-tabs-view-vertical .elementor-tabs-content-wrapper{flex-grow:1;border-style:solid solid solid none}.elementor-widget-tabs.elementor-tabs-view-horizontal .elementor-tab-content{border-style:none solid solid}.elementor-widget-tabs.elementor-tabs-alignment-center .elementor-tabs-wrapper,.elementor-widget-tabs.elementor-tabs-alignment-end .elementor-tabs-wrapper,.elementor-widget-tabs.elementor-tabs-alignment-stretch .elementor-tabs-wrapper{display:flex}.elementor-widget-tabs.elementor-tabs-alignment-center .elementor-tabs-wrapper{justify-content:center}.elementor-widget-tabs.elementor-tabs-alignment-end .elementor-tabs-wrapper{justify-content:flex-end}.elementor-widget-tabs.elementor-tabs-alignment-stretch.elementor-tabs-view-horizontal .elementor-tab-title{width:100%}.elementor-widget-tabs.elementor-tabs-alignment-stretch.elementor-tabs-view-vertical .elementor-tab-title{height:100%}.elementor-tabs .elementor-tab-mobile-title{display:none}}<\/style>\t\t<div class=\"elementor-tabs\">\n\t\t\t<div class=\"elementor-tabs-wrapper\" role=\"tablist\" >\n\t\t\t\t\t\t\t\t\t<div id=\"elementor-tab-title-1001\" class=\"elementor-tab-title elementor-tab-desktop-title\" aria-selected=\"true\" data-tab=\"1\" role=\"tab\" tabindex=\"0\" aria-controls=\"elementor-tab-content-1001\" aria-expanded=\"false\">Fran\u00e7ais<\/div>\n\t\t\t\t\t\t\t\t\t<div id=\"elementor-tab-title-1002\" class=\"elementor-tab-title elementor-tab-desktop-title\" aria-selected=\"false\" data-tab=\"2\" role=\"tab\" tabindex=\"-1\" aria-controls=\"elementor-tab-content-1002\" aria-expanded=\"false\">Anglais<\/div>\n\t\t\t\t\t\t\t\t\t<div id=\"elementor-tab-title-1003\" class=\"elementor-tab-title elementor-tab-desktop-title\" aria-selected=\"false\" data-tab=\"3\" role=\"tab\" tabindex=\"-1\" aria-controls=\"elementor-tab-content-1003\" aria-expanded=\"false\">arabe<\/div>\n\t\t\t\t\t\t\t<\/div>\n\t\t\t<div class=\"elementor-tabs-content-wrapper\" role=\"tablist\" aria-orientation=\"vertical\">\n\t\t\t\t\t\t\t\t\t<div class=\"elementor-tab-title elementor-tab-mobile-title\" aria-selected=\"true\" data-tab=\"1\" role=\"tab\" tabindex=\"0\" aria-controls=\"elementor-tab-content-1001\" aria-expanded=\"false\">Fran\u00e7ais<\/div>\n\t\t\t\t\t<div id=\"elementor-tab-content-1001\" class=\"elementor-tab-content elementor-clearfix\" data-tab=\"1\" role=\"tabpanel\" aria-labelledby=\"elementor-tab-title-1001\" tabindex=\"0\" hidden=\"false\"><form id='spl_form' name='spl_form' method='post' action='\/wp-admin\/admin-ajax.php?action=spl_getPosts'><div class='spl-margin-40'><div class='spl-custom-select'><select id='spl-select' class='spl-select' name='spl-select'><option value=59>Deuxi\u00e8me ann\u00e9e<\/option><\/select><\/div><\/div><\/form><div id='school_post_container' class='library-start display-flex flex-wrap-w'><div class=\"width-50\"><article class=\"library-background-white box-shadow\">\n\t\t\t\t<div class=\"elementor-post__text\">\n\t\t\t\t<h3 class=\"library-post-title\">\n\t\t\t<a href=\"https:\/\/escholaweb.xlabgroup.com\/fr\/editing-an-electronic-newspaper-1998-third-year\/\">Editing an electronic newspaper -1998 third year<\/a>\n\t\t<\/h3>\n\t\t\t\t<div class=\"elementor-post__excerpt\">\n\t\t\t<p class=\"library-excerpt\">savoir encore sur notre cursus Biblioth\u00e8ques French Library | First grade Editing an electronic newspaper -1998 As a school council member, you can help your council discover new and exciting ways to contribute to the education of students in your school. Education is a partnership involving parents, students, teachers, principals, school boards, government, and the &hellip;<p class=\"read-more\"> <a class=\"\" href=\"https:\/\/escholaweb.xlabgroup.com\/fr\/editing-an-electronic-newspaper-1998-third-year\/\"> <span class=\"screen-reader-text\">Editing an electronic newspaper -1998 third year<\/span> Lire la suite\u00a0\u00bb<\/a><\/p><\/p>\n\t\t<\/div>\n\t\t\n\t\t<a class=\"know-more-library\" href=\"https:\/\/escholaweb.xlabgroup.com\/fr\/editing-an-electronic-newspaper-1998-third-year\/\">Savoir encore\t<\/a>\n                <\/div>\n                <\/article><\/div><\/div><\/div>\n\t\t\t\t\t\t\t\t\t<div class=\"elementor-tab-title elementor-tab-mobile-title\" aria-selected=\"false\" data-tab=\"2\" role=\"tab\" tabindex=\"-1\" aria-controls=\"elementor-tab-content-1002\" aria-expanded=\"false\">Anglais<\/div>\n\t\t\t\t\t<div id=\"elementor-tab-content-1002\" class=\"elementor-tab-content elementor-clearfix\" data-tab=\"2\" role=\"tabpanel\" aria-labelledby=\"elementor-tab-title-1002\" tabindex=\"0\" hidden=\"hidden\"><p class='spl-no-entires'>Les ann\u00e9es d&rsquo;\u00e9tudes n&rsquo;ont pas \u00e9t\u00e9 ajout\u00e9es\n<\/p><\/div>\n\t\t\t\t\t\t\t\t\t<div class=\"elementor-tab-title elementor-tab-mobile-title\" aria-selected=\"false\" data-tab=\"3\" role=\"tab\" tabindex=\"-1\" aria-controls=\"elementor-tab-content-1003\" aria-expanded=\"false\">arabe<\/div>\n\t\t\t\t\t<div id=\"elementor-tab-content-1003\" class=\"elementor-tab-content elementor-clearfix\" data-tab=\"3\" role=\"tabpanel\" aria-labelledby=\"elementor-tab-title-1003\" tabindex=\"0\" hidden=\"hidden\"><p class='spl-no-entires'>Les ann\u00e9es d&rsquo;\u00e9tudes n&rsquo;ont pas \u00e9t\u00e9 ajout\u00e9es\n<\/p><\/div>\n\t\t\t\t\t\t\t<\/div>\n\t\t<\/div>\n\t\t\t\t<\/div>\n\t\t\t\t<\/div>\n\t\t\t\t<div class=\"elementor-element elementor-element-cf38171 elementor-widget elementor-widget-html\" data-id=\"cf38171\" data-element_type=\"widget\" data-widget_type=\"html.default\">\n\t\t\t\t<div class=\"elementor-widget-container\">\n\t\t\t<script>jQuery( document ).ready(function() {\nif (window.location.href.includes(\"english\")) {\n    setTimeout(function() {\n      document.getElementById('elementor-tab-title-1002').click()\n    },200);\n}\nif (window.location.href.includes(\"arabic\")) {\n    setTimeout(function() {\n     document.getElementById('elementor-tab-title-1003').click()\n    },200);\n}\n});\n<\/script>\t\t<\/div>\n\t\t\t\t<\/div>\n\t\t\t\t\t<\/div>\n\t\t<\/div>\n\t\t\t\t\t\t\t<\/div>\n\t\t<\/section>\n\t\t\t\t\t\t\t<\/div>\n\t\t","protected":false},"excerpt":{"rendered":"<p>savoir encore sur notre cursus Biblioth\u00e8ques Fran\u00e7ais Anglais arabe Fran\u00e7ais Anglais arabe<\/p>\n","protected":false},"author":1,"featured_media":0,"parent":0,"menu_order":0,"comment_status":"closed","ping_status":"closed","template":"elementor_header_footer","meta":{"site-sidebar-layout":"no-sidebar","site-content-layout":"page-builder","ast-global-header-display":"","ast-main-header-display":"","ast-hfb-above-header-display":"","ast-hfb-below-header-display":"","ast-hfb-mobile-header-display":"","site-post-title":"disabled","ast-breadcrumbs-content":"","ast-featured-img":"disabled","footer-sml-layout":"","theme-transparent-header-meta":"","adv-header-id-meta":"","stick-header-meta":"","header-above-stick-meta":"","header-main-stick-meta":"","header-below-stick-meta":"","footnotes":""},"class_list":["post-3543","page","type-page","status-publish","hentry"],"yoast_head":"<!-- This site is optimized with the Yoast SEO plugin v20.1 - https:\/\/yoast.com\/wordpress\/plugins\/seo\/ -->\n<title>Biblioth\u00e8ques - eschola<\/title>\n<meta name=\"robots\" content=\"index, follow, max-snippet:-1, max-image-preview:large, max-video-preview:-1\" \/>\n<link rel=\"canonical\" href=\"https:\/\/escholaweb.xlabgroup.com\/fr\/bibliotheques\/\" \/>\n<meta property=\"og:locale\" content=\"fr_FR\" \/>\n<meta property=\"og:type\" content=\"article\" \/>\n<meta property=\"og:title\" content=\"Biblioth\u00e8ques - eschola\" \/>\n<meta property=\"og:description\" content=\"savoir encore sur notre cursus Biblioth\u00e8ques Fran\u00e7ais Anglais arabe Fran\u00e7ais Anglais arabe\" \/>\n<meta property=\"og:url\" content=\"https:\/\/escholaweb.xlabgroup.com\/fr\/bibliotheques\/\" \/>\n<meta property=\"og:site_name\" content=\"eschola\" \/>\n<meta property=\"article:modified_time\" content=\"2022-09-05T13:39:27+00:00\" \/>\n<meta name=\"twitter:card\" content=\"summary_large_image\" \/>\n<meta name=\"twitter:label1\" content=\"Dur\u00e9e de lecture estim\u00e9e\" \/>\n\t<meta name=\"twitter:data1\" content=\"1 minute\" \/>\n<script type=\"application\/ld+json\" class=\"yoast-schema-graph\">{\"@context\":\"https:\/\/schema.org\",\"@graph\":[{\"@type\":\"WebPage\",\"@id\":\"https:\/\/escholaweb.xlabgroup.com\/fr\/bibliotheques\/\",\"url\":\"https:\/\/escholaweb.xlabgroup.com\/fr\/bibliotheques\/\",\"name\":\"Biblioth\u00e8ques - eschola\",\"isPartOf\":{\"@id\":\"https:\/\/escholaweb.xlabgroup.com\/fr\/#website\"},\"datePublished\":\"2022-05-11T12:08:39+00:00\",\"dateModified\":\"2022-09-05T13:39:27+00:00\",\"breadcrumb\":{\"@id\":\"https:\/\/escholaweb.xlabgroup.com\/fr\/bibliotheques\/#breadcrumb\"},\"inLanguage\":\"fr-FR\",\"potentialAction\":[{\"@type\":\"ReadAction\",\"target\":[\"https:\/\/escholaweb.xlabgroup.com\/fr\/bibliotheques\/\"]}]},{\"@type\":\"BreadcrumbList\",\"@id\":\"https:\/\/escholaweb.xlabgroup.com\/fr\/bibliotheques\/#breadcrumb\",\"itemListElement\":[{\"@type\":\"ListItem\",\"position\":1,\"name\":\"page d'accueil\",\"item\":\"https:\/\/escholaweb.xlabgroup.com\/fr\/\"},{\"@type\":\"ListItem\",\"position\":2,\"name\":\"Biblioth\u00e8ques\"}]},{\"@type\":\"WebSite\",\"@id\":\"https:\/\/escholaweb.xlabgroup.com\/fr\/#website\",\"url\":\"https:\/\/escholaweb.xlabgroup.com\/fr\/\",\"name\":\"eschola\",\"description\":\"Just another WordPress site\",\"publisher\":{\"@id\":\"https:\/\/escholaweb.xlabgroup.com\/fr\/#organization\"},\"potentialAction\":[{\"@type\":\"SearchAction\",\"target\":{\"@type\":\"EntryPoint\",\"urlTemplate\":\"https:\/\/escholaweb.xlabgroup.com\/fr\/?s={search_term_string}\"},\"query-input\":\"required name=search_term_string\"}],\"inLanguage\":\"fr-FR\"},{\"@type\":\"Organization\",\"@id\":\"https:\/\/escholaweb.xlabgroup.com\/fr\/#organization\",\"name\":\"eschola\",\"url\":\"https:\/\/escholaweb.xlabgroup.com\/fr\/\",\"logo\":{\"@type\":\"ImageObject\",\"inLanguage\":\"fr-FR\",\"@id\":\"https:\/\/escholaweb.xlabgroup.com\/fr\/#\/schema\/logo\/image\/\",\"url\":\"https:\/\/escholaweb.xlabgroup.com\/wp-content\/uploads\/2022\/05\/logo.png\",\"contentUrl\":\"https:\/\/escholaweb.xlabgroup.com\/wp-content\/uploads\/2022\/05\/logo.png\",\"width\":198,\"height\":160,\"caption\":\"eschola\"},\"image\":{\"@id\":\"https:\/\/escholaweb.xlabgroup.com\/fr\/#\/schema\/logo\/image\/\"}}]}<\/script>\n<!-- \/ Yoast SEO plugin. -->","yoast_head_json":{"title":"Biblioth\u00e8ques - eschola","robots":{"index":"index","follow":"follow","max-snippet":"max-snippet:-1","max-image-preview":"max-image-preview:large","max-video-preview":"max-video-preview:-1"},"canonical":"https:\/\/escholaweb.xlabgroup.com\/fr\/bibliotheques\/","og_locale":"fr_FR","og_type":"article","og_title":"Biblioth\u00e8ques - eschola","og_description":"savoir encore sur notre cursus Biblioth\u00e8ques Fran\u00e7ais Anglais arabe Fran\u00e7ais Anglais arabe","og_url":"https:\/\/escholaweb.xlabgroup.com\/fr\/bibliotheques\/","og_site_name":"eschola","article_modified_time":"2022-09-05T13:39:27+00:00","twitter_card":"summary_large_image","twitter_misc":{"Dur\u00e9e de lecture estim\u00e9e":"1 minute"},"schema":{"@context":"https:\/\/schema.org","@graph":[{"@type":"WebPage","@id":"https:\/\/escholaweb.xlabgroup.com\/fr\/bibliotheques\/","url":"https:\/\/escholaweb.xlabgroup.com\/fr\/bibliotheques\/","name":"Biblioth\u00e8ques - eschola","isPartOf":{"@id":"https:\/\/escholaweb.xlabgroup.com\/fr\/#website"},"datePublished":"2022-05-11T12:08:39+00:00","dateModified":"2022-09-05T13:39:27+00:00","breadcrumb":{"@id":"https:\/\/escholaweb.xlabgroup.com\/fr\/bibliotheques\/#breadcrumb"},"inLanguage":"fr-FR","potentialAction":[{"@type":"ReadAction","target":["https:\/\/escholaweb.xlabgroup.com\/fr\/bibliotheques\/"]}]},{"@type":"BreadcrumbList","@id":"https:\/\/escholaweb.xlabgroup.com\/fr\/bibliotheques\/#breadcrumb","itemListElement":[{"@type":"ListItem","position":1,"name":"page d'accueil","item":"https:\/\/escholaweb.xlabgroup.com\/fr\/"},{"@type":"ListItem","position":2,"name":"Biblioth\u00e8ques"}]},{"@type":"WebSite","@id":"https:\/\/escholaweb.xlabgroup.com\/fr\/#website","url":"https:\/\/escholaweb.xlabgroup.com\/fr\/","name":"eschola","description":"Just another WordPress site","publisher":{"@id":"https:\/\/escholaweb.xlabgroup.com\/fr\/#organization"},"potentialAction":[{"@type":"SearchAction","target":{"@type":"EntryPoint","urlTemplate":"https:\/\/escholaweb.xlabgroup.com\/fr\/?s={search_term_string}"},"query-input":"required name=search_term_string"}],"inLanguage":"fr-FR"},{"@type":"Organization","@id":"https:\/\/escholaweb.xlabgroup.com\/fr\/#organization","name":"eschola","url":"https:\/\/escholaweb.xlabgroup.com\/fr\/","logo":{"@type":"ImageObject","inLanguage":"fr-FR","@id":"https:\/\/escholaweb.xlabgroup.com\/fr\/#\/schema\/logo\/image\/","url":"https:\/\/escholaweb.xlabgroup.com\/wp-content\/uploads\/2022\/05\/logo.png","contentUrl":"https:\/\/escholaweb.xlabgroup.com\/wp-content\/uploads\/2022\/05\/logo.png","width":198,"height":160,"caption":"eschola"},"image":{"@id":"https:\/\/escholaweb.xlabgroup.com\/fr\/#\/schema\/logo\/image\/"}}]}},"_links":{"self":[{"href":"https:\/\/escholaweb.xlabgroup.com\/fr\/wp-json\/wp\/v2\/pages\/3543","targetHints":{"allow":["GET"]}}],"collection":[{"href":"https:\/\/escholaweb.xlabgroup.com\/fr\/wp-json\/wp\/v2\/pages"}],"about":[{"href":"https:\/\/escholaweb.xlabgroup.com\/fr\/wp-json\/wp\/v2\/types\/page"}],"author":[{"embeddable":true,"href":"https:\/\/escholaweb.xlabgroup.com\/fr\/wp-json\/wp\/v2\/users\/1"}],"replies":[{"embeddable":true,"href":"https:\/\/escholaweb.xlabgroup.com\/fr\/wp-json\/wp\/v2\/comments?post=3543"}],"version-history":[{"count":4,"href":"https:\/\/escholaweb.xlabgroup.com\/fr\/wp-json\/wp\/v2\/pages\/3543\/revisions"}],"predecessor-version":[{"id":4179,"href":"https:\/\/escholaweb.xlabgroup.com\/fr\/wp-json\/wp\/v2\/pages\/3543\/revisions\/4179"}],"wp:attachment":[{"href":"https:\/\/escholaweb.xlabgroup.com\/fr\/wp-json\/wp\/v2\/media?parent=3543"}],"curies":[{"name":"wp","href":"https:\/\/api.w.org\/{rel}","templated":true}]}}