{"id":3525,"date":"2022-05-11T15:42:21","date_gmt":"2022-05-11T15:42:21","guid":{"rendered":"https:\/\/escholaweb.xlabgroup.com\/nouvelles-evenements\/"},"modified":"2022-09-05T13:26:12","modified_gmt":"2022-09-05T13:26:12","slug":"actualite-et-evenement","status":"publish","type":"page","link":"https:\/\/escholaweb.xlabgroup.com\/fr\/actualite-et-evenement\/","title":{"rendered":"actualit\u00e9 et \u00e9v\u00e9nement"},"content":{"rendered":"\t\t<div data-elementor-type=\"wp-page\" data-elementor-id=\"3525\" class=\"elementor elementor-3525 elementor-1636\">\n\t\t\t\t\t\t\t\t\t<section class=\"elementor-section elementor-top-section elementor-element elementor-element-5631721 new-events-main-section elementor-section-boxed elementor-section-height-default elementor-section-height-default\" data-id=\"5631721\" data-element_type=\"section\">\n\t\t\t\t\t\t<div class=\"elementor-container elementor-column-gap-default\">\n\t\t\t\t\t<div class=\"elementor-column elementor-col-100 elementor-top-column elementor-element elementor-element-72720b6\" data-id=\"72720b6\" data-element_type=\"column\">\n\t\t\t<div class=\"elementor-widget-wrap elementor-element-populated\">\n\t\t\t\t\t\t\t\t<div class=\"elementor-element elementor-element-4cbf4e8 margin-zero elementor-widget elementor-widget-heading\" data-id=\"4cbf4e8\" data-element_type=\"widget\" data-widget_type=\"heading.default\">\n\t\t\t\t<div class=\"elementor-widget-container\">\n\t\t\t<style>\/*! elementor - v3.10.2 - 29-01-2023 *\/\n.elementor-heading-title{padding:0;margin:0;line-height:1}.elementor-widget-heading .elementor-heading-title[class*=elementor-size-]>a{color:inherit;font-size:inherit;line-height:inherit}.elementor-widget-heading .elementor-heading-title.elementor-size-small{font-size:15px}.elementor-widget-heading .elementor-heading-title.elementor-size-medium{font-size:19px}.elementor-widget-heading .elementor-heading-title.elementor-size-large{font-size:29px}.elementor-widget-heading .elementor-heading-title.elementor-size-xl{font-size:39px}.elementor-widget-heading .elementor-heading-title.elementor-size-xxl{font-size:59px}<\/style><h4 class=\"elementor-heading-title elementor-size-default\">Nos derniers<\/h4>\t\t<\/div>\n\t\t\t\t<\/div>\n\t\t\t\t<div class=\"elementor-element elementor-element-9450cb0 margin-zero-mobile elementor-widget elementor-widget-heading\" data-id=\"9450cb0\" data-element_type=\"widget\" data-widget_type=\"heading.default\">\n\t\t\t\t<div class=\"elementor-widget-container\">\n\t\t\t<h3 class=\"elementor-heading-title elementor-size-default\">nouvelles &amp; \u00e9v\u00e9nements<\/h3>\t\t<\/div>\n\t\t\t\t<\/div>\n\t\t\t\t<div class=\"elementor-element elementor-element-674e640 elementor-tabs-alignment-center elementor-tabs-view-horizontal elementor-widget elementor-widget-tabs\" data-id=\"674e640\" data-element_type=\"widget\" data-widget_type=\"tabs.default\">\n\t\t\t\t<div class=\"elementor-widget-container\">\n\t\t\t<style>\/*! elementor - v3.10.2 - 29-01-2023 *\/\n.elementor-widget-tabs.elementor-tabs-view-vertical .elementor-tabs-wrapper{width:25%;flex-shrink:0}.elementor-widget-tabs.elementor-tabs-view-vertical .elementor-tab-desktop-title.elementor-active{border-right-style:none}.elementor-widget-tabs.elementor-tabs-view-vertical .elementor-tab-desktop-title.elementor-active:after,.elementor-widget-tabs.elementor-tabs-view-vertical .elementor-tab-desktop-title.elementor-active:before{height:999em;width:0;right:0;border-right-style:solid}.elementor-widget-tabs.elementor-tabs-view-vertical .elementor-tab-desktop-title.elementor-active:before{top:0;transform:translateY(-100%)}.elementor-widget-tabs.elementor-tabs-view-vertical .elementor-tab-desktop-title.elementor-active:after{top:100%}.elementor-widget-tabs.elementor-tabs-view-horizontal .elementor-tab-desktop-title{display:table-cell}.elementor-widget-tabs.elementor-tabs-view-horizontal .elementor-tab-desktop-title.elementor-active{border-bottom-style:none}.elementor-widget-tabs.elementor-tabs-view-horizontal .elementor-tab-desktop-title.elementor-active:after,.elementor-widget-tabs.elementor-tabs-view-horizontal .elementor-tab-desktop-title.elementor-active:before{bottom:0;height:0;width:999em;border-bottom-style:solid}.elementor-widget-tabs.elementor-tabs-view-horizontal .elementor-tab-desktop-title.elementor-active:before{right:100%}.elementor-widget-tabs.elementor-tabs-view-horizontal .elementor-tab-desktop-title.elementor-active:after{left:100%}.elementor-widget-tabs .elementor-tab-content,.elementor-widget-tabs .elementor-tab-title,.elementor-widget-tabs .elementor-tab-title:after,.elementor-widget-tabs .elementor-tab-title:before,.elementor-widget-tabs .elementor-tabs-content-wrapper{border:1px #d4d4d4}.elementor-widget-tabs .elementor-tabs{text-align:left}.elementor-widget-tabs .elementor-tabs-wrapper{overflow:hidden}.elementor-widget-tabs .elementor-tab-title{cursor:pointer;outline:var(--focus-outline,none)}.elementor-widget-tabs .elementor-tab-desktop-title{position:relative;padding:20px 25px;font-weight:700;line-height:1;border:solid transparent}.elementor-widget-tabs .elementor-tab-desktop-title.elementor-active{border-color:#d4d4d4}.elementor-widget-tabs .elementor-tab-desktop-title.elementor-active:after,.elementor-widget-tabs .elementor-tab-desktop-title.elementor-active:before{display:block;content:\"\";position:absolute}.elementor-widget-tabs .elementor-tab-desktop-title:focus-visible{border:1px solid #000}.elementor-widget-tabs .elementor-tab-mobile-title{padding:10px;cursor:pointer}.elementor-widget-tabs .elementor-tab-content{padding:20px;display:none}@media (max-width:767px){.elementor-tabs .elementor-tab-content,.elementor-tabs .elementor-tab-title{border-style:solid solid none}.elementor-tabs .elementor-tabs-wrapper{display:none}.elementor-tabs .elementor-tabs-content-wrapper{border-bottom-style:solid}.elementor-tabs .elementor-tab-content{padding:10px}}@media (min-width:768px){.elementor-widget-tabs.elementor-tabs-view-vertical .elementor-tabs{display:flex}.elementor-widget-tabs.elementor-tabs-view-vertical .elementor-tabs-wrapper{flex-direction:column}.elementor-widget-tabs.elementor-tabs-view-vertical .elementor-tabs-content-wrapper{flex-grow:1;border-style:solid solid solid none}.elementor-widget-tabs.elementor-tabs-view-horizontal .elementor-tab-content{border-style:none solid solid}.elementor-widget-tabs.elementor-tabs-alignment-center .elementor-tabs-wrapper,.elementor-widget-tabs.elementor-tabs-alignment-end .elementor-tabs-wrapper,.elementor-widget-tabs.elementor-tabs-alignment-stretch .elementor-tabs-wrapper{display:flex}.elementor-widget-tabs.elementor-tabs-alignment-center .elementor-tabs-wrapper{justify-content:center}.elementor-widget-tabs.elementor-tabs-alignment-end .elementor-tabs-wrapper{justify-content:flex-end}.elementor-widget-tabs.elementor-tabs-alignment-stretch.elementor-tabs-view-horizontal .elementor-tab-title{width:100%}.elementor-widget-tabs.elementor-tabs-alignment-stretch.elementor-tabs-view-vertical .elementor-tab-title{height:100%}.elementor-tabs .elementor-tab-mobile-title{display:none}}<\/style>\t\t<div class=\"elementor-tabs\">\n\t\t\t<div class=\"elementor-tabs-wrapper\" role=\"tablist\" >\n\t\t\t\t\t\t\t\t\t<div id=\"elementor-tab-title-1081\" class=\"elementor-tab-title elementor-tab-desktop-title\" aria-selected=\"true\" data-tab=\"1\" role=\"tab\" tabindex=\"0\" aria-controls=\"elementor-tab-content-1081\" aria-expanded=\"false\">nouvelles<\/div>\n\t\t\t\t\t\t\t\t\t<div id=\"elementor-tab-title-1082\" class=\"elementor-tab-title elementor-tab-desktop-title\" aria-selected=\"false\" data-tab=\"2\" role=\"tab\" tabindex=\"-1\" aria-controls=\"elementor-tab-content-1082\" aria-expanded=\"false\">\u00e9v\u00e9nements<\/div>\n\t\t\t\t\t\t\t<\/div>\n\t\t\t<div class=\"elementor-tabs-content-wrapper\" role=\"tablist\" aria-orientation=\"vertical\">\n\t\t\t\t\t\t\t\t\t<div class=\"elementor-tab-title elementor-tab-mobile-title\" aria-selected=\"true\" data-tab=\"1\" role=\"tab\" tabindex=\"0\" aria-controls=\"elementor-tab-content-1081\" aria-expanded=\"false\">nouvelles<\/div>\n\t\t\t\t\t<div id=\"elementor-tab-content-1081\" class=\"elementor-tab-content elementor-clearfix\" data-tab=\"1\" role=\"tabpanel\" aria-labelledby=\"elementor-tab-title-1081\" tabindex=\"0\" hidden=\"false\"><p>\t\t<div data-elementor-type=\"section\" data-elementor-id=\"3620\" class=\"elementor elementor-3620 elementor-1694\">\n\t\t\t\t\t\t\t\t<section class=\"elementor-section elementor-top-section elementor-element elementor-element-f46c61f elementor-section-full_width elementor-section-height-default elementor-section-height-default\" data-id=\"f46c61f\" data-element_type=\"section\">\n\t\t\t\t\t\t<div class=\"elementor-container elementor-column-gap-default\">\n\t\t\t\t\t<div class=\"elementor-column elementor-col-100 elementor-top-column elementor-element elementor-element-ec8659c\" data-id=\"ec8659c\" data-element_type=\"column\">\n\t\t\t<div class=\"elementor-widget-wrap elementor-element-populated\">\n\t\t\t\t\t\t\t\t\t<\/div>\n\t\t<\/div>\n\t\t\t\t\t\t\t<\/div>\n\t\t<\/section>\n\t\t\t\t\t\t<\/div>\n\t\t<\/p><\/div>\n\t\t\t\t\t\t\t\t\t<div class=\"elementor-tab-title elementor-tab-mobile-title\" aria-selected=\"false\" data-tab=\"2\" role=\"tab\" tabindex=\"-1\" aria-controls=\"elementor-tab-content-1082\" aria-expanded=\"false\">\u00e9v\u00e9nements<\/div>\n\t\t\t\t\t<div id=\"elementor-tab-content-1082\" class=\"elementor-tab-content elementor-clearfix\" data-tab=\"2\" role=\"tabpanel\" aria-labelledby=\"elementor-tab-title-1082\" tabindex=\"0\" hidden=\"hidden\"><p>\t\t<div data-elementor-type=\"section\" data-elementor-id=\"3622\" class=\"elementor elementor-3622 elementor-1706\">\n\t\t\t\t\t\t\t\t<section class=\"elementor-section elementor-top-section elementor-element elementor-element-7336407 elementor-section-full_width elementor-section-height-default elementor-section-height-default\" data-id=\"7336407\" data-element_type=\"section\">\n\t\t\t\t\t\t<div class=\"elementor-container elementor-column-gap-default\">\n\t\t\t\t\t<div class=\"elementor-column elementor-col-100 elementor-top-column elementor-element elementor-element-76598be\" data-id=\"76598be\" data-element_type=\"column\">\n\t\t\t<div class=\"elementor-widget-wrap elementor-element-populated\">\n\t\t\t\t\t\t\t\t\t<\/div>\n\t\t<\/div>\n\t\t\t\t\t\t\t<\/div>\n\t\t<\/section>\n\t\t\t\t\t\t<\/div>\n\t\t<\/p><\/div>\n\t\t\t\t\t\t\t<\/div>\n\t\t<\/div>\n\t\t\t\t<\/div>\n\t\t\t\t<\/div>\n\t\t\t\t\t<\/div>\n\t\t<\/div>\n\t\t\t\t\t\t\t<\/div>\n\t\t<\/section>\n\t\t\t\t\t\t\t<\/div>\n\t\t","protected":false},"excerpt":{"rendered":"<p>Nos derniers nouvelles &amp; \u00e9v\u00e9nements nouvelles \u00e9v\u00e9nements nouvelles Everyday Healthy Breakfast for Healthy Body May 8, 2022 Lorem Ipsum is simply dummy text of the printing and typesetting industry. Know More Congratulations to Professor Fatima Jaber: September 2021 v2 May 8, 2022 Congratulations to Professor Fatima Jaber: September 2021 Know More Dates for the beginning &hellip;<\/p>\n<p class=\"read-more\"> <a class=\"\" href=\"https:\/\/escholaweb.xlabgroup.com\/fr\/actualite-et-evenement\/\"> <span class=\"screen-reader-text\">actualit\u00e9 et \u00e9v\u00e9nement<\/span> Lire la suite\u00a0\u00bb<\/a><\/p>\n","protected":false},"author":1,"featured_media":0,"parent":0,"menu_order":0,"comment_status":"closed","ping_status":"closed","template":"","meta":{"site-sidebar-layout":"no-sidebar","site-content-layout":"page-builder","ast-global-header-display":"","ast-main-header-display":"","ast-hfb-above-header-display":"","ast-hfb-below-header-display":"","ast-hfb-mobile-header-display":"","site-post-title":"disabled","ast-breadcrumbs-content":"","ast-featured-img":"disabled","footer-sml-layout":"","theme-transparent-header-meta":"","adv-header-id-meta":"","stick-header-meta":"","header-above-stick-meta":"","header-main-stick-meta":"","header-below-stick-meta":"","footnotes":""},"class_list":["post-3525","page","type-page","status-publish","hentry"],"yoast_head":"<!-- This site is optimized with the Yoast SEO plugin v20.1 - https:\/\/yoast.com\/wordpress\/plugins\/seo\/ -->\n<title>actualit\u00e9 et \u00e9v\u00e9nement - eschola<\/title>\n<meta name=\"robots\" content=\"index, follow, max-snippet:-1, max-image-preview:large, max-video-preview:-1\" \/>\n<link rel=\"canonical\" href=\"https:\/\/escholaweb.xlabgroup.com\/fr\/actualite-et-evenement\/\" \/>\n<meta property=\"og:locale\" content=\"fr_FR\" \/>\n<meta property=\"og:type\" content=\"article\" \/>\n<meta property=\"og:title\" content=\"actualit\u00e9 et \u00e9v\u00e9nement - eschola\" \/>\n<meta property=\"og:description\" content=\"Nos derniers nouvelles &amp; \u00e9v\u00e9nements nouvelles \u00e9v\u00e9nements nouvelles Everyday Healthy Breakfast for Healthy Body May 8, 2022 Lorem Ipsum is simply dummy text of the printing and typesetting industry. Know More Congratulations to Professor Fatima Jaber: September 2021 v2 May 8, 2022 Congratulations to Professor Fatima Jaber: September 2021 Know More Dates for the beginning &hellip; actualit\u00e9 et \u00e9v\u00e9nement Lire la suite\u00a0\u00bb\" \/>\n<meta property=\"og:url\" content=\"https:\/\/escholaweb.xlabgroup.com\/fr\/actualite-et-evenement\/\" \/>\n<meta property=\"og:site_name\" content=\"eschola\" \/>\n<meta property=\"article:modified_time\" content=\"2022-09-05T13:26:12+00:00\" \/>\n<meta property=\"og:image\" content=\"https:\/\/escholaweb.xlabgroup.com\/wp-content\/uploads\/2022\/05\/Image-18@2x-300x223.jpg\" \/>\n<meta name=\"twitter:card\" content=\"summary_large_image\" \/>\n<meta name=\"twitter:label1\" content=\"Dur\u00e9e de lecture estim\u00e9e\" \/>\n\t<meta name=\"twitter:data1\" content=\"2 minutes\" \/>\n<script type=\"application\/ld+json\" class=\"yoast-schema-graph\">{\"@context\":\"https:\/\/schema.org\",\"@graph\":[{\"@type\":\"WebPage\",\"@id\":\"https:\/\/escholaweb.xlabgroup.com\/fr\/actualite-et-evenement\/\",\"url\":\"https:\/\/escholaweb.xlabgroup.com\/fr\/actualite-et-evenement\/\",\"name\":\"actualit\u00e9 et \u00e9v\u00e9nement - eschola\",\"isPartOf\":{\"@id\":\"https:\/\/escholaweb.xlabgroup.com\/fr\/#website\"},\"datePublished\":\"2022-05-11T15:42:21+00:00\",\"dateModified\":\"2022-09-05T13:26:12+00:00\",\"breadcrumb\":{\"@id\":\"https:\/\/escholaweb.xlabgroup.com\/fr\/actualite-et-evenement\/#breadcrumb\"},\"inLanguage\":\"fr-FR\",\"potentialAction\":[{\"@type\":\"ReadAction\",\"target\":[\"https:\/\/escholaweb.xlabgroup.com\/fr\/actualite-et-evenement\/\"]}]},{\"@type\":\"BreadcrumbList\",\"@id\":\"https:\/\/escholaweb.xlabgroup.com\/fr\/actualite-et-evenement\/#breadcrumb\",\"itemListElement\":[{\"@type\":\"ListItem\",\"position\":1,\"name\":\"page d'accueil\",\"item\":\"https:\/\/escholaweb.xlabgroup.com\/fr\/\"},{\"@type\":\"ListItem\",\"position\":2,\"name\":\"actualit\u00e9 et \u00e9v\u00e9nement\"}]},{\"@type\":\"WebSite\",\"@id\":\"https:\/\/escholaweb.xlabgroup.com\/fr\/#website\",\"url\":\"https:\/\/escholaweb.xlabgroup.com\/fr\/\",\"name\":\"eschola\",\"description\":\"Just another WordPress site\",\"publisher\":{\"@id\":\"https:\/\/escholaweb.xlabgroup.com\/fr\/#organization\"},\"potentialAction\":[{\"@type\":\"SearchAction\",\"target\":{\"@type\":\"EntryPoint\",\"urlTemplate\":\"https:\/\/escholaweb.xlabgroup.com\/fr\/?s={search_term_string}\"},\"query-input\":\"required name=search_term_string\"}],\"inLanguage\":\"fr-FR\"},{\"@type\":\"Organization\",\"@id\":\"https:\/\/escholaweb.xlabgroup.com\/fr\/#organization\",\"name\":\"eschola\",\"url\":\"https:\/\/escholaweb.xlabgroup.com\/fr\/\",\"logo\":{\"@type\":\"ImageObject\",\"inLanguage\":\"fr-FR\",\"@id\":\"https:\/\/escholaweb.xlabgroup.com\/fr\/#\/schema\/logo\/image\/\",\"url\":\"https:\/\/escholaweb.xlabgroup.com\/wp-content\/uploads\/2022\/05\/logo.png\",\"contentUrl\":\"https:\/\/escholaweb.xlabgroup.com\/wp-content\/uploads\/2022\/05\/logo.png\",\"width\":198,\"height\":160,\"caption\":\"eschola\"},\"image\":{\"@id\":\"https:\/\/escholaweb.xlabgroup.com\/fr\/#\/schema\/logo\/image\/\"}}]}<\/script>\n<!-- \/ Yoast SEO plugin. -->","yoast_head_json":{"title":"actualit\u00e9 et \u00e9v\u00e9nement - eschola","robots":{"index":"index","follow":"follow","max-snippet":"max-snippet:-1","max-image-preview":"max-image-preview:large","max-video-preview":"max-video-preview:-1"},"canonical":"https:\/\/escholaweb.xlabgroup.com\/fr\/actualite-et-evenement\/","og_locale":"fr_FR","og_type":"article","og_title":"actualit\u00e9 et \u00e9v\u00e9nement - eschola","og_description":"Nos derniers nouvelles &amp; \u00e9v\u00e9nements nouvelles \u00e9v\u00e9nements nouvelles Everyday Healthy Breakfast for Healthy Body May 8, 2022 Lorem Ipsum is simply dummy text of the printing and typesetting industry. Know More Congratulations to Professor Fatima Jaber: September 2021 v2 May 8, 2022 Congratulations to Professor Fatima Jaber: September 2021 Know More Dates for the beginning &hellip; actualit\u00e9 et \u00e9v\u00e9nement Lire la suite\u00a0\u00bb","og_url":"https:\/\/escholaweb.xlabgroup.com\/fr\/actualite-et-evenement\/","og_site_name":"eschola","article_modified_time":"2022-09-05T13:26:12+00:00","og_image":[{"url":"https:\/\/escholaweb.xlabgroup.com\/wp-content\/uploads\/2022\/05\/Image-18@2x-300x223.jpg"}],"twitter_card":"summary_large_image","twitter_misc":{"Dur\u00e9e de lecture estim\u00e9e":"2 minutes"},"schema":{"@context":"https:\/\/schema.org","@graph":[{"@type":"WebPage","@id":"https:\/\/escholaweb.xlabgroup.com\/fr\/actualite-et-evenement\/","url":"https:\/\/escholaweb.xlabgroup.com\/fr\/actualite-et-evenement\/","name":"actualit\u00e9 et \u00e9v\u00e9nement - eschola","isPartOf":{"@id":"https:\/\/escholaweb.xlabgroup.com\/fr\/#website"},"datePublished":"2022-05-11T15:42:21+00:00","dateModified":"2022-09-05T13:26:12+00:00","breadcrumb":{"@id":"https:\/\/escholaweb.xlabgroup.com\/fr\/actualite-et-evenement\/#breadcrumb"},"inLanguage":"fr-FR","potentialAction":[{"@type":"ReadAction","target":["https:\/\/escholaweb.xlabgroup.com\/fr\/actualite-et-evenement\/"]}]},{"@type":"BreadcrumbList","@id":"https:\/\/escholaweb.xlabgroup.com\/fr\/actualite-et-evenement\/#breadcrumb","itemListElement":[{"@type":"ListItem","position":1,"name":"page d'accueil","item":"https:\/\/escholaweb.xlabgroup.com\/fr\/"},{"@type":"ListItem","position":2,"name":"actualit\u00e9 et \u00e9v\u00e9nement"}]},{"@type":"WebSite","@id":"https:\/\/escholaweb.xlabgroup.com\/fr\/#website","url":"https:\/\/escholaweb.xlabgroup.com\/fr\/","name":"eschola","description":"Just another WordPress site","publisher":{"@id":"https:\/\/escholaweb.xlabgroup.com\/fr\/#organization"},"potentialAction":[{"@type":"SearchAction","target":{"@type":"EntryPoint","urlTemplate":"https:\/\/escholaweb.xlabgroup.com\/fr\/?s={search_term_string}"},"query-input":"required name=search_term_string"}],"inLanguage":"fr-FR"},{"@type":"Organization","@id":"https:\/\/escholaweb.xlabgroup.com\/fr\/#organization","name":"eschola","url":"https:\/\/escholaweb.xlabgroup.com\/fr\/","logo":{"@type":"ImageObject","inLanguage":"fr-FR","@id":"https:\/\/escholaweb.xlabgroup.com\/fr\/#\/schema\/logo\/image\/","url":"https:\/\/escholaweb.xlabgroup.com\/wp-content\/uploads\/2022\/05\/logo.png","contentUrl":"https:\/\/escholaweb.xlabgroup.com\/wp-content\/uploads\/2022\/05\/logo.png","width":198,"height":160,"caption":"eschola"},"image":{"@id":"https:\/\/escholaweb.xlabgroup.com\/fr\/#\/schema\/logo\/image\/"}}]}},"_links":{"self":[{"href":"https:\/\/escholaweb.xlabgroup.com\/fr\/wp-json\/wp\/v2\/pages\/3525","targetHints":{"allow":["GET"]}}],"collection":[{"href":"https:\/\/escholaweb.xlabgroup.com\/fr\/wp-json\/wp\/v2\/pages"}],"about":[{"href":"https:\/\/escholaweb.xlabgroup.com\/fr\/wp-json\/wp\/v2\/types\/page"}],"author":[{"embeddable":true,"href":"https:\/\/escholaweb.xlabgroup.com\/fr\/wp-json\/wp\/v2\/users\/1"}],"replies":[{"embeddable":true,"href":"https:\/\/escholaweb.xlabgroup.com\/fr\/wp-json\/wp\/v2\/comments?post=3525"}],"version-history":[{"count":15,"href":"https:\/\/escholaweb.xlabgroup.com\/fr\/wp-json\/wp\/v2\/pages\/3525\/revisions"}],"predecessor-version":[{"id":4121,"href":"https:\/\/escholaweb.xlabgroup.com\/fr\/wp-json\/wp\/v2\/pages\/3525\/revisions\/4121"}],"wp:attachment":[{"href":"https:\/\/escholaweb.xlabgroup.com\/fr\/wp-json\/wp\/v2\/media?parent=3525"}],"curies":[{"name":"wp","href":"https:\/\/api.w.org\/{rel}","templated":true}]}}